{"id":3606,"date":"2021-02-09T01:25:51","date_gmt":"2021-02-08T22:25:51","guid":{"rendered":"https:\/\/v2.gpm.com.tr\/?post_type=product&#038;p=3606"},"modified":"2021-02-25T13:14:12","modified_gmt":"2021-02-25T10:14:12","slug":"bvm-1300-sp","status":"publish","type":"product","link":"https:\/\/gpm.com.tr\/fr\/makineler\/bvm-1300-sp\/","title":{"rendered":"BVM-1300-SP"},"content":{"rendered":"<table width=\"515\">\n<tbody>\n<tr>\n<td width=\"274\">Paketlenecek \u00fcr\u00fcn<\/td>\n<td width=\"241\">Spagetti veya uzun \u00fcr\u00fcnler<\/td>\n<\/tr>\n<tr>\n<td width=\"274\">Mod\u00e8les de sac<\/td>\n<td width=\"241\">Yast\u0131k<\/td>\n<\/tr>\n<tr>\n<td width=\"274\">Mod\u00e8l<\/td>\n<td width=\"241\">une ou deux colones<\/td>\n<\/tr>\n<tr>\n<td width=\"274\">Capacit\u00e9<\/td>\n<td width=\"241\">120 Paket \/ Dk. \u2013 5-8 Balya \/ Dk.<\/td>\n<\/tr>\n<tr>\n<td width=\"274\">Maksimum Balya A\u011f\u0131rl\u0131\u011f\u0131<\/td>\n<td width=\"241\">25\u00a0kg.<\/td>\n<\/tr>\n<tr>\n<td width=\"274\">Maksimum Balya Geni\u015fli\u011fi<\/td>\n<td width=\"241\">450 mm.<\/td>\n<\/tr>\n<tr>\n<td width=\"274\">Maksimum Balya Y\u00fcksekli\u011fi<\/td>\n<td width=\"241\">650 mm.<\/td>\n<\/tr>\n<tr>\n<td width=\"274\">Largeur de la machine<\/td>\n<td width=\"241\">1823 mm. (Konv. hari\u00e7)<\/td>\n<\/tr>\n<tr>\n<td width=\"274\">Profondeur<\/td>\n<td width=\"241\">1746 mm.<\/td>\n<\/tr>\n<tr>\n<td width=\"274\">Hauteur<\/td>\n<td width=\"241\">2764 mm.<\/td>\n<\/tr>\n<tr>\n<td width=\"274\">Poids<\/td>\n<td width=\"241\">1100 kg. (Yakla\u015f\u0131k)<\/td>\n<\/tr>\n<tr>\n<td width=\"274\">Syst\u00e8me pneunematique<\/td>\n<td width=\"241\">Festo<\/td>\n<\/tr>\n<tr>\n<td width=\"274\">Syst\u00e8me \u00e9lectrique<\/td>\n<td width=\"241\">7 kW &#8211; 3FAZ &#8211; 380 V &#8211; 50 Hz<\/td>\n<\/tr>\n<tr>\n<td width=\"274\">Consomation \u00e9lectrique<\/td>\n<td width=\"241\">4 kW\/h<\/td>\n<\/tr>\n<tr>\n<td width=\"274\">\u00e9quipments \u00e9lectriques et \u00e9lectroniques<\/td>\n<td width=\"241\">Siemens<\/td>\n<\/tr>\n<tr>\n<td width=\"274\">PLC syst\u00e8me<\/td>\n<td width=\"241\">Siemens<\/td>\n<\/tr>\n<tr>\n<td width=\"274\">Syst\u00e8me d'op\u00e9ration<\/td>\n<td width=\"241\">Siemens<\/td>\n<\/tr>\n<tr>\n<td width=\"274\">Pression d'air<\/td>\n<td width=\"241\">6-8 bar<\/td>\n<\/tr>\n<tr>\n<td width=\"274\">Consommation en air<\/td>\n<td width=\"241\">5 It.\/dk.<\/td>\n<\/tr>\n<tr>\n<td width=\"274\">Diam\u00e8tre max de la bobine<\/td>\n<td width=\"241\">400 mm<\/td>\n<\/tr>\n<tr>\n<td width=\"274\">Longeur max de la bobine<\/td>\n<td width=\"241\">1350 mm<\/td>\n<\/tr>\n<\/tbody>\n<\/table>","protected":false},"excerpt":{"rendered":"<p>Le syst\u00e8me est sp\u00e9cialement con\u00e7u pour les produits longs comme les spaghettis. La machine peut fabriquer une ou deux colonnes en fonction de la demande du client.<\/p>","protected":false},"featured_media":3607,"template":"","meta":[],"_links":{"self":[{"href":"https:\/\/gpm.com.tr\/fr\/wp-json\/wp\/v2\/product\/3606"}],"collection":[{"href":"https:\/\/gpm.com.tr\/fr\/wp-json\/wp\/v2\/product"}],"about":[{"href":"https:\/\/gpm.com.tr\/fr\/wp-json\/wp\/v2\/types\/product"}],"wp:featuredmedia":[{"embeddable":true,"href":"https:\/\/gpm.com.tr\/fr\/wp-json\/wp\/v2\/media\/3607"}],"wp:attachment":[{"href":"https:\/\/gpm.com.tr\/fr\/wp-json\/wp\/v2\/media?parent=3606"}],"curies":[{"name":"wp","href":"https:\/\/api.w.org\/{rel}","templated":true}]}}