{"id":3642,"date":"2021-02-23T21:39:48","date_gmt":"2021-02-23T18:39:48","guid":{"rendered":"https:\/\/v2.gpm.com.tr\/?post_type=product&#038;p=3642"},"modified":"2021-03-06T19:08:36","modified_gmt":"2021-03-06T16:08:36","slug":"vl6-vl8","status":"publish","type":"product","link":"https:\/\/gpm.com.tr\/en\/machine\/vl6-vl8\/","title":{"rendered":"VL6\/VL8"},"content":{"rendered":"<p>VL6 \/ VL8<br \/>\nAC motor ile s\u00fcr\u00fclen Volumetrik dolum \u00fcnitesidir. Doldurulacak \u00fcr\u00fcn hacmine g\u00f6re iki tip \u00fcr\u00fcn vard\u0131r.<\/p>\n<p>SERVOLU VLS6 \/ VLS8<\/p>\n<p>Servo motor ile s\u00fcr\u00fclen Volumetrik dolum \u00fcnitesidir. Dolum grubu ile motion kontrol sayesinde tam olarak senkron \u00e7al\u0131\u015fmaktad\u0131r. \u00c7al\u0131\u015fma s\u0131ras\u0131nda paketleme grubunda h\u0131z de\u011fi\u015fikli\u011fine gidildi\u011finde Volumetrik dolum grubu senkron olur ve ayar gerektirmez. Doldurulacak \u00fcr\u00fcn hacmine g\u00f6re iki tip \u00fcr\u00fcn vard\u0131r.<\/p>\n","protected":false},"excerpt":{"rendered":"<p>Taneli \u00fcr\u00fcnlerin hassas ve h\u0131zl\u0131 bir \u015fekilde tart\u0131ml\u0131 dolumunda kullan\u0131l\u0131r.<\/p>\n","protected":false},"featured_media":3643,"template":"","meta":[],"product_cat":[99],"product_tag":[],"_links":{"self":[{"href":"https:\/\/gpm.com.tr\/en\/wp-json\/wp\/v2\/product\/3642"}],"collection":[{"href":"https:\/\/gpm.com.tr\/en\/wp-json\/wp\/v2\/product"}],"about":[{"href":"https:\/\/gpm.com.tr\/en\/wp-json\/wp\/v2\/types\/product"}],"wp:featuredmedia":[{"embeddable":true,"href":"https:\/\/gpm.com.tr\/en\/wp-json\/wp\/v2\/media\/3643"}],"wp:attachment":[{"href":"https:\/\/gpm.com.tr\/en\/wp-json\/wp\/v2\/media?parent=3642"}],"wp:term":[{"taxonomy":"product_cat","embeddable":true,"href":"https:\/\/gpm.com.tr\/en\/wp-json\/wp\/v2\/product_cat?post=3642"},{"taxonomy":"product_tag","embeddable":true,"href":"https:\/\/gpm.com.tr\/en\/wp-json\/wp\/v2\/product_tag?post=3642"}],"curies":[{"name":"wp","href":"https:\/\/api.w.org\/{rel}","templated":true}]}}