{"id":3634,"date":"2021-02-23T21:36:35","date_gmt":"2021-02-23T18:36:35","guid":{"rendered":"https:\/\/v2.gpm.com.tr\/?post_type=product&#038;p=3634"},"modified":"2021-03-06T19:19:52","modified_gmt":"2021-03-06T16:19:52","slug":"multi-head-weigher","status":"publish","type":"product","link":"https:\/\/gpm.com.tr\/en\/fr\/machine\/multi-head-weigher\/","title":{"rendered":"PESEUR MULTI-T\u00caTES"},"content":{"rendered":"<p>Our multihead weighers, serving a wide range of products, have many different versions depending on the product type, capacity and weigh sensitivity. With optimum precision and high efficiency, our multihead weighers work with full integration with our packaging machines.<\/p>","protected":false},"excerpt":{"rendered":"<p>Nos syst\u00e8mes multi-t\u00eates hautement efficaces, qui se distinguent par leur design moderne et leur facilit\u00e9 d'utilisation, sont s\u00e9lectionn\u00e9s et recommand\u00e9s par l'\u00e9quipe technique de GPM, en tenant compte des besoins de l'entreprise et de tous les d\u00e9tails techniques.<\/p>","protected":false},"featured_media":3635,"template":"","meta":[],"product_cat":[99],"product_tag":[],"_links":{"self":[{"href":"https:\/\/gpm.com.tr\/en\/fr\/wp-json\/wp\/v2\/product\/3634"}],"collection":[{"href":"https:\/\/gpm.com.tr\/en\/fr\/wp-json\/wp\/v2\/product"}],"about":[{"href":"https:\/\/gpm.com.tr\/en\/fr\/wp-json\/wp\/v2\/types\/product"}],"wp:featuredmedia":[{"embeddable":true,"href":"https:\/\/gpm.com.tr\/en\/fr\/wp-json\/wp\/v2\/media\/3635"}],"wp:attachment":[{"href":"https:\/\/gpm.com.tr\/en\/fr\/wp-json\/wp\/v2\/media?parent=3634"}],"wp:term":[{"taxonomy":"product_cat","embeddable":true,"href":"https:\/\/gpm.com.tr\/en\/fr\/wp-json\/wp\/v2\/product_cat?post=3634"},{"taxonomy":"product_tag","embeddable":true,"href":"https:\/\/gpm.com.tr\/en\/fr\/wp-json\/wp\/v2\/product_tag?post=3634"}],"curies":[{"name":"wp","href":"https:\/\/api.w.org\/{rel}","templated":true}]}}