{"id":3597,"date":"2021-02-09T01:13:56","date_gmt":"2021-02-08T22:13:56","guid":{"rendered":"https:\/\/v2.gpm.com.tr\/?post_type=product&#038;p=3597"},"modified":"2021-03-06T19:10:57","modified_gmt":"2021-03-06T16:10:57","slug":"quad-lion-qvf28-qvf38","status":"publish","type":"product","link":"https:\/\/gpm.com.tr\/en\/fr\/machine\/quad-lion-qvf28-qvf38\/","title":{"rendered":"QUAD LION QVF28 \/ QVF38"},"content":{"rendered":"<p><img loading=\"lazy\" decoding=\"async\" class=\"alignnone wp-image-3599\" src=\"https:\/\/gpm.com.tr\/en\/wp-content\/uploads\/2021\/02\/quad-lion-teknik.jpg\" alt=\"\" width=\"850\" height=\"296\" srcset=\"https:\/\/gpm.com.tr\/en\/wp-content\/uploads\/2021\/02\/quad-lion-teknik-200x70.jpg 200w, https:\/\/gpm.com.tr\/en\/wp-content\/uploads\/2021\/02\/quad-lion-teknik-300x105.jpg 300w, https:\/\/gpm.com.tr\/en\/wp-content\/uploads\/2021\/02\/quad-lion-teknik-400x139.jpg 400w, https:\/\/gpm.com.tr\/en\/wp-content\/uploads\/2021\/02\/quad-lion-teknik-500x174.jpg 500w, https:\/\/gpm.com.tr\/en\/wp-content\/uploads\/2021\/02\/quad-lion-teknik-600x209.jpg 600w, https:\/\/gpm.com.tr\/en\/wp-content\/uploads\/2021\/02\/quad-lion-teknik-700x244.jpg 700w, https:\/\/gpm.com.tr\/en\/wp-content\/uploads\/2021\/02\/quad-lion-teknik-768x268.jpg 768w, https:\/\/gpm.com.tr\/en\/wp-content\/uploads\/2021\/02\/quad-lion-teknik-800x279.jpg 800w, https:\/\/gpm.com.tr\/en\/wp-content\/uploads\/2021\/02\/quad-lion-teknik-1024x357.jpg 1024w, https:\/\/gpm.com.tr\/en\/wp-content\/uploads\/2021\/02\/quad-lion-teknik-1200x418.jpg 1200w, https:\/\/gpm.com.tr\/en\/wp-content\/uploads\/2021\/02\/quad-lion-teknik-1536x535.jpg 1536w, https:\/\/gpm.com.tr\/en\/wp-content\/uploads\/2021\/02\/quad-lion-teknik.jpg 1840w\" sizes=\"(max-width: 850px) 100vw, 850px\" \/><\/p>","protected":false},"excerpt":{"rendered":"<p>Les machines de type intermittent de la s\u00e9rie QUAD LION sont les machines traditionnelles qu'elles peuvent emballer dans des sacs Pillow, Gusseted et Quadro. Bas\u00e9 sur le syst\u00e8me de contr\u00f4le de mouvement. Elles sont produits avecdes servomoteurs entra\u00een\u00e9s par des  et\/ou un syst\u00e8me pneumatique d\u00e9pend de la capacit\u00e9 demand\u00e9e. Ces machines peuvent \u00eatre int\u00e9gr\u00e9es \u00e0 diff\u00e9rents types de syst\u00e8mes de dosage en fonction des sp\u00e9cifications du produit.<\/p>","protected":false},"featured_media":3598,"template":"","meta":[],"product_cat":[91],"product_tag":[],"_links":{"self":[{"href":"https:\/\/gpm.com.tr\/en\/fr\/wp-json\/wp\/v2\/product\/3597"}],"collection":[{"href":"https:\/\/gpm.com.tr\/en\/fr\/wp-json\/wp\/v2\/product"}],"about":[{"href":"https:\/\/gpm.com.tr\/en\/fr\/wp-json\/wp\/v2\/types\/product"}],"wp:featuredmedia":[{"embeddable":true,"href":"https:\/\/gpm.com.tr\/en\/fr\/wp-json\/wp\/v2\/media\/3598"}],"wp:attachment":[{"href":"https:\/\/gpm.com.tr\/en\/fr\/wp-json\/wp\/v2\/media?parent=3597"}],"wp:term":[{"taxonomy":"product_cat","embeddable":true,"href":"https:\/\/gpm.com.tr\/en\/fr\/wp-json\/wp\/v2\/product_cat?post=3597"},{"taxonomy":"product_tag","embeddable":true,"href":"https:\/\/gpm.com.tr\/en\/fr\/wp-json\/wp\/v2\/product_tag?post=3597"}],"curies":[{"name":"wp","href":"https:\/\/api.w.org\/{rel}","templated":true}]}}